{"id":998,"date":"2024-04-24T00:16:51","date_gmt":"2024-04-24T00:16:51","guid":{"rendered":"https:\/\/masarkimya.com\/about-us\/"},"modified":"2026-04-14T11:08:57","modified_gmt":"2026-04-14T11:08:57","slug":"about-us","status":"publish","type":"page","link":"https:\/\/masarkimya.com\/tr\/about-us\/","title":{"rendered":"Hakk\u0131m\u0131zda"},"content":{"rendered":"\t\t<div data-elementor-type=\"wp-page\" data-elementor-id=\"998\" class=\"elementor elementor-998 elementor-85\" data-elementor-post-type=\"page\">\n\t\t\t\t\t\t<section class=\"elementor-section elementor-top-section elementor-element elementor-element-587dd150 elementor-section-full_width elementor-section-height-default elementor-section-height-default\" data-id=\"587dd150\" data-element_type=\"section\" data-e-type=\"section\">\n\t\t\t\t\t\t<div class=\"elementor-container elementor-column-gap-default\">\n\t\t\t\t\t<div class=\"elementor-column elementor-col-100 elementor-top-column elementor-element elementor-element-417450b3\" data-id=\"417450b3\" data-element_type=\"column\" data-e-type=\"column\">\n\t\t\t<div class=\"elementor-widget-wrap elementor-element-populated\">\n\t\t\t\t\t\t<div class=\"elementor-element elementor-element-7cc3b79d elementor-widget elementor-widget-template\" data-id=\"7cc3b79d\" data-element_type=\"widget\" data-e-type=\"widget\" data-widget_type=\"template.default\">\n\t\t\t\t<div class=\"elementor-widget-container\">\n\t\t\t\t\t\t\t<div class=\"elementor-template\">\n\t\t\t\t\t<div data-elementor-type=\"section\" data-elementor-id=\"44\" class=\"elementor elementor-44\" data-elementor-post-type=\"elementor_library\">\n\t\t\t\t\t<section class=\"elementor-section elementor-top-section elementor-element elementor-element-7f8c3773 elementor-section-boxed elementor-section-height-default elementor-section-height-default\" data-id=\"7f8c3773\" data-element_type=\"section\" data-e-type=\"section\" data-settings=\"{&quot;background_background&quot;:&quot;classic&quot;,&quot;animation&quot;:&quot;none&quot;}\">\n\t\t\t\t\t\t\t<div class=\"elementor-background-overlay\"><\/div>\n\t\t\t\t\t\t\t<div class=\"elementor-container elementor-column-gap-default\">\n\t\t\t\t\t<div class=\"elementor-column elementor-col-100 elementor-top-column elementor-element elementor-element-a6f49fa\" data-id=\"a6f49fa\" data-element_type=\"column\" data-e-type=\"column\">\n\t\t\t<div class=\"elementor-widget-wrap elementor-element-populated\">\n\t\t\t\t\t\t\t<\/div>\n\t\t<\/div>\n\t\t\t\t\t<\/div>\n\t\t<\/section>\n\t\t\t\t<\/div>\n\t\t\t\t<\/div>\n\t\t\t\t\t\t<\/div>\n\t\t\t\t<\/div>\n\t\t\t\t\t<\/div>\n\t\t<\/div>\n\t\t\t\t\t<\/div>\n\t\t<\/section>\n\t\t\t\t<section class=\"elementor-section elementor-top-section elementor-element elementor-element-72d68724 elementor-section-boxed elementor-section-height-default elementor-section-height-default\" data-id=\"72d68724\" data-element_type=\"section\" data-e-type=\"section\">\n\t\t\t\t\t\t<div class=\"elementor-container elementor-column-gap-default\">\n\t\t\t\t\t<div class=\"elementor-column elementor-col-50 elementor-top-column elementor-element elementor-element-07fc429\" data-id=\"07fc429\" data-element_type=\"column\" data-e-type=\"column\">\n\t\t\t<div class=\"elementor-widget-wrap elementor-element-populated\">\n\t\t\t\t\t\t<div class=\"elementor-element elementor-element-4c94e05 animated-slow elementor-invisible elementor-widget elementor-widget-image\" data-id=\"4c94e05\" data-element_type=\"widget\" data-e-type=\"widget\" data-settings=\"{&quot;_animation&quot;:&quot;fadeIn&quot;}\" data-widget_type=\"image.default\">\n\t\t\t\t<div class=\"elementor-widget-container\">\n\t\t\t\t\t\t\t\t\t\t\t\t\t\t\t<img fetchpriority=\"high\" decoding=\"async\" width=\"1400\" height=\"1400\" src=\"https:\/\/masarkimya.com\/wp-content\/uploads\/2025\/11\/about-us.jpg\" class=\"attachment-full size-full wp-image-1216\" alt=\"\" srcset=\"https:\/\/masarkimya.com\/wp-content\/uploads\/2025\/11\/about-us.jpg 1400w, https:\/\/masarkimya.com\/wp-content\/uploads\/2025\/11\/about-us-300x300.jpg 300w, https:\/\/masarkimya.com\/wp-content\/uploads\/2025\/11\/about-us-1024x1024.jpg 1024w, https:\/\/masarkimya.com\/wp-content\/uploads\/2025\/11\/about-us-150x150.jpg 150w, https:\/\/masarkimya.com\/wp-content\/uploads\/2025\/11\/about-us-768x768.jpg 768w\" sizes=\"(max-width: 1400px) 100vw, 1400px\" \/>\t\t\t\t\t\t\t\t\t\t\t\t\t\t\t<\/div>\n\t\t\t\t<\/div>\n\t\t\t\t\t<\/div>\n\t\t<\/div>\n\t\t\t\t<div class=\"elementor-column elementor-col-50 elementor-top-column elementor-element elementor-element-0474acb\" data-id=\"0474acb\" data-element_type=\"column\" data-e-type=\"column\">\n\t\t\t<div class=\"elementor-widget-wrap elementor-element-populated\">\n\t\t\t\t\t\t<div class=\"elementor-element elementor-element-c76c68b animated-slow elementor-invisible elementor-widget elementor-widget-heading\" data-id=\"c76c68b\" data-element_type=\"widget\" data-e-type=\"widget\" data-settings=\"{&quot;_animation&quot;:&quot;fadeInDown&quot;}\" data-widget_type=\"heading.default\">\n\t\t\t\t<div class=\"elementor-widget-container\">\n\t\t\t\t\t<h2 class=\"elementor-heading-title elementor-size-default\">Masar Kimya Hakk\u0131nda<\/h2>\t\t\t\t<\/div>\n\t\t\t\t<\/div>\n\t\t\t\t<div class=\"elementor-element elementor-element-a4f06d3 animated-slow elementor-invisible elementor-widget elementor-widget-heading\" data-id=\"a4f06d3\" data-element_type=\"widget\" data-e-type=\"widget\" data-settings=\"{&quot;_animation&quot;:&quot;fadeInUp&quot;}\" data-widget_type=\"heading.default\">\n\t\t\t\t<div class=\"elementor-widget-container\">\n\t\t\t\t\t<h4 class=\"elementor-heading-title elementor-size-default\">Neden Masar Kimya?<\/h4>\t\t\t\t<\/div>\n\t\t\t\t<\/div>\n\t\t\t\t<div class=\"elementor-element elementor-element-42e1f8c animated-slow elementor-invisible elementor-widget elementor-widget-heading\" data-id=\"42e1f8c\" data-element_type=\"widget\" data-e-type=\"widget\" data-settings=\"{&quot;_animation&quot;:&quot;fadeIn&quot;}\" data-widget_type=\"heading.default\">\n\t\t\t\t<div class=\"elementor-widget-container\">\n\t\t\t\t\t<h2 class=\"elementor-heading-title elementor-size-default\">2018 y\u0131l\u0131nda kurulan Masar Kimya, kimyasal \u00fcretim ve ticaret alan\u0131nda T\u00fcrkiye\u2019de ve uluslararas\u0131 arenada g\u00fcvenilir ve g\u00fc\u00e7l\u00fc bir marka haline gelmi\u015ftir. Kalite, g\u00fcvenilirlik ve yenili\u011fe odaklanarak, geni\u015f bir end\u00fcstriyel ve ticari uygulama yelpazesine de\u011fer katmaktan gurur duyuyoruz.of industrial and commercial applications.\n<div><br><\/div>Uzmanl\u0131k alanlar\u0131m\u0131z; deterjan ve kozmetik \u00fcretiminde kullan\u0131lan y\u00fcksek kaliteli hammaddelerin, \u00f6zel boyalar\u0131n ve \u00f6zenle form\u00fcle edilmi\u015f esanslar\u0131n tedarikini kapsamaktad\u0131r. Ayr\u0131ca, i\u015f ortaklar\u0131m\u0131z\u0131n verimliliklerini art\u0131rmalar\u0131n\u0131 desteklemek amac\u0131yla \u00f6zel teknik dan\u0131\u015fmanl\u0131k hizmetleri sunmaktay\u0131z.\n<div><br><\/div>Masar Kimya olarak, g\u00fcven, d\u00fcr\u00fcstl\u00fck ve kar\u015f\u0131l\u0131kl\u0131 ba\u015far\u0131 temelleri \u00fczerine kurulu uzun vadeli i\u015f birliklerine inan\u0131yoruz. M\u00fckemmelli\u011fe olan ba\u011fl\u0131l\u0131\u011f\u0131m\u0131zla s\u00fcrekli geli\u015fiyor ve kimya sekt\u00f6r\u00fcnde tercih edilen bir i\u015f orta\u011f\u0131 olarak konumumuzu s\u00fcrd\u00fcrmeye devam ediyoruz.<\/h2>\t\t\t\t<\/div>\n\t\t\t\t<\/div>\n\t\t\t\t\t<\/div>\n\t\t<\/div>\n\t\t\t\t\t<\/div>\n\t\t<\/section>\n\t\t\t\t<\/div>\n\t\t","protected":false},"excerpt":{"rendered":"<p>Masar Kimya Hakk\u0131nda Neden Masar Kimya? 2018 y\u0131l\u0131nda kurulan Masar Kimya, kimyasal \u00fcretim ve ticaret alan\u0131nda T\u00fcrkiye\u2019de ve uluslararas\u0131 arenada g\u00fcvenilir ve g\u00fc\u00e7l\u00fc bir marka haline gelmi\u015ftir. Kalite, g\u00fcvenilirlik ve yenili\u011fe odaklanarak, geni\u015f bir end\u00fcstriyel ve ticari uygulama yelpazesine de\u011fer katmaktan gurur duyuyoruz.of industrial and commercial applications. Uzmanl\u0131k alanlar\u0131m\u0131z; deterjan ve kozmetik \u00fcretiminde kullan\u0131lan y\u00fcksek [&hellip;]<\/p>\n","protected":false},"author":1,"featured_media":0,"parent":0,"menu_order":0,"comment_status":"closed","ping_status":"closed","template":"elementor_header_footer","meta":{"footnotes":""},"class_list":["post-998","page","type-page","status-publish","hentry"],"_links":{"self":[{"href":"https:\/\/masarkimya.com\/tr\/wp-json\/wp\/v2\/pages\/998","targetHints":{"allow":["GET"]}}],"collection":[{"href":"https:\/\/masarkimya.com\/tr\/wp-json\/wp\/v2\/pages"}],"about":[{"href":"https:\/\/masarkimya.com\/tr\/wp-json\/wp\/v2\/types\/page"}],"author":[{"embeddable":true,"href":"https:\/\/masarkimya.com\/tr\/wp-json\/wp\/v2\/users\/1"}],"replies":[{"embeddable":true,"href":"https:\/\/masarkimya.com\/tr\/wp-json\/wp\/v2\/comments?post=998"}],"version-history":[{"count":7,"href":"https:\/\/masarkimya.com\/tr\/wp-json\/wp\/v2\/pages\/998\/revisions"}],"predecessor-version":[{"id":1387,"href":"https:\/\/masarkimya.com\/tr\/wp-json\/wp\/v2\/pages\/998\/revisions\/1387"}],"wp:attachment":[{"href":"https:\/\/masarkimya.com\/tr\/wp-json\/wp\/v2\/media?parent=998"}],"curies":[{"name":"wp","href":"https:\/\/api.w.org\/{rel}","templated":true}]}}